{"id":270,"date":"2015-04-14T12:57:42","date_gmt":"2015-04-14T11:57:42","guid":{"rendered":"http:\/\/sga.cuni.cz\/?page_id=270"},"modified":"2025-03-26T10:43:13","modified_gmt":"2025-03-26T09:43:13","slug":"past-presidents","status":"publish","type":"page","link":"https:\/\/sga.cuni.cz\/?page_id=270","title":{"rendered":"Past Presidents of the Chapter Prague"},"content":{"rendered":"<ul>\n<li>1.\u00a0 \u00a0Anna Vymazalov\u00e1<\/li>\n<li>2.\u00a0 \u00a0Petr Drahota<\/li>\n<li>3.\u00a0 \u00a0Em\u00edlie Kub\u00edkov\u00e1<\/li>\n<li>4.\u00a0 \u00a0Jakub Truba\u010d<\/li>\n<li>5.\u00a0 \u00a0Kate\u0159ina Schl\u00f6glov\u00e1<\/li>\n<li>6.\u00a0 \u00a0Lubo\u0161 Vrti\u0161ka<\/li>\n<li>7.\u00a0 \u00a0Ond\u0159ej Kr\u00e1tk\u00fd<\/li>\n<li>\n<div>8.\u00a0 \u00a0Jan Kulh\u00e1nek<\/div>\n<\/li>\n<li>\n<div>9.\u00a0 \u00a0\u0160t\u011bp\u00e1n Jarom\u011b\u0159sk\u00fd<\/div>\n<\/li>\n<li>10. \u0160t\u011bp\u00e1n Dvo\u0159\u00e1k<\/li>\n<li>11. Jan Kamensk\u00fd<\/li>\n<li>12. Ji\u0159\u00ed Klepp<\/li>\n<\/ul>\n","protected":false},"excerpt":{"rendered":"<p>1.\u00a0 \u00a0Anna Vymazalov\u00e1 2.\u00a0 \u00a0Petr Drahota 3.\u00a0 \u00a0Em\u00edlie Kub\u00edkov\u00e1 4.\u00a0 \u00a0Jakub Truba\u010d 5.\u00a0 \u00a0Kate\u0159ina Schl\u00f6glov\u00e1 6.\u00a0 \u00a0Lubo\u0161 Vrti\u0161ka 7.\u00a0 \u00a0Ond\u0159ej Kr\u00e1tk\u00fd 8.\u00a0 \u00a0Jan Kulh\u00e1nek 9.\u00a0 \u00a0\u0160t\u011bp\u00e1n Jarom\u011b\u0159sk\u00fd 10. \u0160t\u011bp\u00e1n Dvo\u0159\u00e1k 11. Jan Kamensk\u00fd 12. Ji\u0159\u00ed Klepp<\/p>\n","protected":false},"author":1,"featured_media":0,"parent":0,"menu_order":0,"comment_status":"closed","ping_status":"closed","template":"","meta":{"ngg_post_thumbnail":0,"footnotes":""},"class_list":["post-270","page","type-page","status-publish","hentry"],"_links":{"self":[{"href":"https:\/\/sga.cuni.cz\/index.php?rest_route=\/wp\/v2\/pages\/270","targetHints":{"allow":["GET"]}}],"collection":[{"href":"https:\/\/sga.cuni.cz\/index.php?rest_route=\/wp\/v2\/pages"}],"about":[{"href":"https:\/\/sga.cuni.cz\/index.php?rest_route=\/wp\/v2\/types\/page"}],"author":[{"embeddable":true,"href":"https:\/\/sga.cuni.cz\/index.php?rest_route=\/wp\/v2\/users\/1"}],"replies":[{"embeddable":true,"href":"https:\/\/sga.cuni.cz\/index.php?rest_route=%2Fwp%2Fv2%2Fcomments&post=270"}],"version-history":[{"count":7,"href":"https:\/\/sga.cuni.cz\/index.php?rest_route=\/wp\/v2\/pages\/270\/revisions"}],"predecessor-version":[{"id":1528,"href":"https:\/\/sga.cuni.cz\/index.php?rest_route=\/wp\/v2\/pages\/270\/revisions\/1528"}],"wp:attachment":[{"href":"https:\/\/sga.cuni.cz\/index.php?rest_route=%2Fwp%2Fv2%2Fmedia&parent=270"}],"curies":[{"name":"wp","href":"https:\/\/api.w.org\/{rel}","templated":true}]}}