{"id":25,"date":"2014-06-10T15:09:24","date_gmt":"2014-06-10T14:09:24","guid":{"rendered":"http:\/\/sga.cuni.cz\/?page_id=25"},"modified":"2026-04-17T12:53:20","modified_gmt":"2026-04-17T11:53:20","slug":"contact","status":"publish","type":"page","link":"https:\/\/sga.cuni.cz\/?page_id=25","title":{"rendered":"Contact"},"content":{"rendered":"<div class=\"side-title\" style=\"color: #565656;\">\n<div class=\"side-title\" style=\"color: #565656;\">\n<p style=\"color: #565656;\"><strong><span style=\"color: #000000;\">President<\/span><br \/>\n<\/strong><span style=\"color: #000000;\"><em><strong>Jan Mr\u00e1\u010dek<\/strong> <span style=\"color: #000000;\">(Master studies)<\/span><\/em> | <em>mracekja@natur.cuni.cz<\/em><\/span><\/p>\n<p style=\"color: #565656;\"><strong><span style=\"color: #000000;\">Vice President<\/span><br \/>\n<\/strong><span style=\"color: #000000;\"><em><span style=\"color: #000000;\"><strong>Kl\u00e1ra Muchnov\u00e1<\/strong> (Bachelor studies)<\/span><\/em> | muchnovk<em>@natur.cuni.cz<\/em><\/span><\/p>\n<p style=\"color: #565656;\"><span style=\"color: #000000;\"><strong>Treasurer<\/strong><\/span><br \/>\n<span style=\"color: #000000;\"><em><strong>Martin Kr\u00e1l<\/strong>\u00a0(Bachelor studies)<\/em> | <em>kralmartin2@natur.cuni.cz<\/em><\/span><\/p>\n<p style=\"color: #565656;\"><span style=\"color: #000000;\"><strong>Webmaster<\/strong><\/span><br \/>\n<span style=\"color: #000000;\"><em><span style=\"color: #000000;\"><b>Anna Jul\u00e1kov\u00e1<\/b><\/span><\/em> <em>(Bachelor studies)<\/em> |<em> julakova<span style=\"color: #000000;\">@natur.cuni.cz<\/span><\/em><\/span><\/p>\n<p style=\"color: #565656;\"><span style=\"color: #000000;\"><strong>Advisor<br \/>\n<i><em><b>RNDr. Marek Tuh\u00fd Ph.D.<\/b><\/em>| <\/i><\/strong><i>marek.tuhy@natur.cuni.cz<\/i><\/span><\/p>\n<p><span style=\"color: #000000;\"><strong><i><em><b>Mgr. Jan Kulh\u00e1nek Ph.D.<\/b><\/em>|<\/i><\/strong><i> jan.kulhanek@natur.cuni.cz<\/i><\/span><\/p>\n<p style=\"color: #565656;\"><span style=\"color: #000000;\"><strong>Student Representative on SGA Council<br \/>\n<\/strong><strong><em><span style=\"color: #000000;\">Dr. Vymazalov\u00e1 Anna<\/span><\/em><\/strong>\u00a0|\u00a0\u00a0<em><span style=\"color: #000000;\">anna.vymazalova@geology.cz<\/span><\/em><\/span><\/p>\n<hr style=\"color: #565656;\" \/>\n<p style=\"color: #565656;\"><a href=\"http:\/\/sga.cuni.cz\/?page_id=270\" target=\"_blank\" rel=\"noopener noreferrer\">Past Presidents of the SGA Chapter Prague<\/a><\/p>\n<\/div>\n<hr style=\"color: #565656;\" \/>\n<div class=\"side-title\" style=\"color: #565656;\"><\/div>\n<div class=\"side-title\" style=\"color: #565656;\"><strong><span style=\"color: #000000;\">Faculty of Science<\/span><\/strong><\/div>\n<div class=\"side-title\" style=\"color: #565656;\"><\/div>\n<div class=\"side-content\" style=\"color: #3d3d3d;\">\n<p><span style=\"color: #000000;\">Charles University in Prague<\/span><br \/>\n<span style=\"color: #000000;\">Albertov 6<\/span><br \/>\n<span style=\"color: #000000;\">128 43 Prague 2<\/span><\/p>\n<p><span style=\"color: #000000;\">Official group e-mail (all members):<\/span> <a href=\"mailto:chapter_prague-usergroup@natur.cuni.cz\" target=\"_blank\" rel=\"noopener noreferrer\">chapter_prague-usergroup@natur.cuni.cz<\/a><\/p>\n<p>Instagram: <a href=\"https:\/\/www.instagram.com\/sga_chapter_prague\/\">instagram.com\/sga_chapter_prague\/<\/a><\/p>\n<hr \/>\n<p><iframe loading=\"lazy\" style=\"border: 0;\" src=\"https:\/\/www.google.com\/maps\/embed?pb=!1m10!1m8!1m3!1d1237.4501672853628!2d14.42448755054617!3d50.06860403763249!3m2!1i1024!2i768!4f13.1!5e0!3m2!1sen!2sus!4v1477824753551\" width=\"600\" height=\"400\" frameborder=\"0\" allowfullscreen=\"allowfullscreen\"><\/iframe><\/p>\n<hr \/>\n<\/div>\n<\/div>\n","protected":false},"excerpt":{"rendered":"<p>President Jan Mr\u00e1\u010dek (Master studies) | mracekja@natur.cuni.cz Vice President Kl\u00e1ra Muchnov\u00e1 (Bachelor studies) | muchnovk@natur.cuni.cz Treasurer Martin Kr\u00e1l\u00a0(Bachelor studies) | kralmartin2@natur.cuni.cz Webmaster Anna Jul\u00e1kov\u00e1 (Bachelor studies) | julakova@natur.cuni.cz Advisor RNDr. Marek Tuh\u00fd Ph.D.| marek.tuhy@natur.cuni.cz Mgr. Jan Kulh\u00e1nek Ph.D.| jan.kulhanek@natur.cuni.cz Student Representative on SGA Council Dr. Vymazalov\u00e1 Anna\u00a0|\u00a0\u00a0anna.vymazalova@geology.cz Past Presidents of \u2026 <a class=\"continue-reading-link\" href=\"https:\/\/sga.cuni.cz\/?page_id=25\"> Continue reading <span class=\"meta-nav\">&rarr; <\/span><\/a><\/p>\n","protected":false},"author":1,"featured_media":0,"parent":0,"menu_order":0,"comment_status":"closed","ping_status":"closed","template":"","meta":{"ngg_post_thumbnail":0,"footnotes":""},"class_list":["post-25","page","type-page","status-publish","hentry"],"_links":{"self":[{"href":"https:\/\/sga.cuni.cz\/index.php?rest_route=\/wp\/v2\/pages\/25","targetHints":{"allow":["GET"]}}],"collection":[{"href":"https:\/\/sga.cuni.cz\/index.php?rest_route=\/wp\/v2\/pages"}],"about":[{"href":"https:\/\/sga.cuni.cz\/index.php?rest_route=\/wp\/v2\/types\/page"}],"author":[{"embeddable":true,"href":"https:\/\/sga.cuni.cz\/index.php?rest_route=\/wp\/v2\/users\/1"}],"replies":[{"embeddable":true,"href":"https:\/\/sga.cuni.cz\/index.php?rest_route=%2Fwp%2Fv2%2Fcomments&post=25"}],"version-history":[{"count":47,"href":"https:\/\/sga.cuni.cz\/index.php?rest_route=\/wp\/v2\/pages\/25\/revisions"}],"predecessor-version":[{"id":1636,"href":"https:\/\/sga.cuni.cz\/index.php?rest_route=\/wp\/v2\/pages\/25\/revisions\/1636"}],"wp:attachment":[{"href":"https:\/\/sga.cuni.cz\/index.php?rest_route=%2Fwp%2Fv2%2Fmedia&parent=25"}],"curies":[{"name":"wp","href":"https:\/\/api.w.org\/{rel}","templated":true}]}}